{"id":85,"date":"2022-10-24T15:35:32","date_gmt":"2022-10-24T15:35:32","guid":{"rendered":"http:\/\/amvkarate.fr\/?page_id=85"},"modified":"2022-12-04T16:48:13","modified_gmt":"2022-12-04T16:48:13","slug":"un-peu-dhistoire","status":"publish","type":"page","link":"http:\/\/amvkarate.fr\/?page_id=85","title":{"rendered":"UN PEU D&rsquo;HISTOIRE"},"content":{"rendered":"\n<p><strong>Naissance du karate shotokan<\/strong><\/p>\n\n\n\n<p><strong>Sh\u014dt\u014dkan-ry\u016b<\/strong>&nbsp;(\u677e\u6fe4\u9928\u6d41,&nbsp;<em>Sh\u014dt\u014dkan-ry\u016b<\/em><a href=\"https:\/\/fr.wikipedia.org\/wiki\/Aide:Japonais\"><strong><sup>?<\/sup><\/strong><\/a>)&nbsp;est un style d&rsquo;art martial japonais, qui fait partie du karat\u00e9-do. Il est issu de l\u2019\u00e9cole&nbsp;<a href=\"https:\/\/fr.wikipedia.org\/wiki\/Shorin\">Shorin<\/a>&nbsp;ou&nbsp;<a href=\"https:\/\/fr.wikipedia.org\/wiki\/Sh%C5%8Drin-ry%C5%AB\">Sh\u014drin-ry\u016b<\/a>&nbsp;de ma\u00eetre&nbsp;<a href=\"https:\/\/fr.wikipedia.org\/wiki\/S%C5%8Dkon_Matsumura\">Matsumura<\/a>&nbsp;(1809-1896), qui a donn\u00e9 naissance, gr\u00e2ce \u00e0 ses \u00e9l\u00e8ves, \u00e0 de nombreux styles diff\u00e9rents de&nbsp;<a href=\"https:\/\/fr.wikipedia.org\/wiki\/Karat%C3%A9\">karat\u00e9<\/a>. L\u2019un de ses \u00e9l\u00e8ves, appel\u00e9&nbsp;<a href=\"https:\/\/fr.wikipedia.org\/wiki\/Gichin_Funakoshi\">Gichin Funakoshi<\/a>&nbsp;(1868-1957), devenu ma\u00eetre \u00e0 son tour, d\u00e9veloppa son propre style et l\u2019appela Sh\u014dt\u014dkan. Les autres \u00e9l\u00e8ves de Matsumura, devenus ma\u00eetres \u00e0 leur tour, d\u00e9velopp\u00e8rent d&rsquo;autres styles de karat\u00e9 comme&nbsp;<a href=\"https:\/\/fr.wikipedia.org\/wiki\/Shito-ry%C5%AB\">Shito-ry\u016b<\/a>,&nbsp;<a href=\"https:\/\/fr.wikipedia.org\/wiki\/G%C5%8Dj%C5%AB-ry%C5%AB\">G\u014dj\u016b-ry\u016b<\/a>,&nbsp;<a href=\"https:\/\/fr.wikipedia.org\/wiki\/Kyokushinkai\">Kyokushinkai<\/a>,&nbsp;<em><a href=\"https:\/\/fr.wikipedia.org\/wiki\/Kenp%C5%8D\">kenp\u014d<\/a><\/em>, Shinkai, etc.<\/p>\n\n\n\n<p><strong>Historique<\/strong><\/p>\n\n\n\n<p><strong>La voie de Bodhidharma<\/strong><\/p>\n\n\n\n<p>La l\u00e9gende raconte que Bodai Daruma (<a href=\"https:\/\/fr.wikipedia.org\/wiki\/Bodhidharma\">Bodhidharma<\/a>), un moine&nbsp;<a href=\"https:\/\/fr.wikipedia.org\/wiki\/Bouddhisme\">bouddhiste<\/a>&nbsp;indien, apr\u00e8s un long voyage, demanda asile aux moines du monast\u00e8re de&nbsp;<a href=\"https:\/\/fr.wikipedia.org\/wiki\/Monast%C3%A8re_Shaolin\">Shaolin<\/a>&nbsp;en Chine, vers l&rsquo;an 520&nbsp;apr. J.-C.&nbsp;Voyant ses disciples s&rsquo;\u00e9puiser lors des longues m\u00e9ditations, il conclut que la recherche de l&rsquo;illumination par le&nbsp;<a href=\"https:\/\/fr.wikipedia.org\/wiki\/Zen\">zen<\/a>&nbsp;ne devait pas se faire au d\u00e9triment du corps, mais plut\u00f4t par l&rsquo;union du corps et de l&rsquo;esprit.<\/p>\n\n\n\n<p>Il enseigna donc \u00e0 ses disciples une s\u00e9rie d&rsquo;exercices physiques destin\u00e9s \u00e0 renforcer le corps. Cette m\u00e9thode d&rsquo;entra\u00eenement bas\u00e9e sur la respiration et sur des techniques de combats \u00e0 poings nus ou avec un b\u00e2ton, se propagera plus tard en Chine sous le nom de&nbsp;<em><a href=\"https:\/\/fr.wikipedia.org\/wiki\/Kenp%C5%8D\">kenp\u014d<\/a><\/em>, litt\u00e9ralement la \u00ab&nbsp;m\u00e9thode des poings&nbsp;\u00bb. Les historiens<a href=\"https:\/\/fr.wikipedia.org\/wiki\/Aide:Pr%C3%A9ciser_un_fait\"><sup>[Lesquels&nbsp;?]<\/sup><\/a>&nbsp;ont montr\u00e9 que&nbsp;ce mythe a \u00e9t\u00e9 invent\u00e9 au&nbsp;xvii<sup>e<\/sup>&nbsp;si\u00e8cle<a href=\"https:\/\/fr.wikipedia.org\/wiki\/Aide:R%C3%A9f%C3%A9rence_n%C3%A9cessaire\"><sup>[r\u00e9f.&nbsp;souhait\u00e9e]<\/sup><\/a>.<\/p>\n\n\n\n<p><strong>Okinawa, le berceau du karat\u00e9<\/strong><\/p>\n\n\n\n<p>Okinawa, qui signifie \u00ab&nbsp;corde sur l&rsquo;oc\u00e9an&nbsp;\u00bb, est l&rsquo;\u00eele principale de l&rsquo;archipel des&nbsp;<a href=\"https:\/\/fr.wikipedia.org\/wiki\/%C3%8Eles_Ry%C5%ABky%C5%AB\">\u00eeles Ry\u016bky\u016b<\/a>, au sud du Japon. Point de rencontre traditionnel des cultures chinoise et japonaise, l&rsquo;\u00eele d&rsquo;Okinawa devint l&rsquo;endroit o\u00f9 naquit la forme d\u00e9finitive du combat \u00e0 mains nues. Durant la domination japonaise sur Okinawa, l&#8217;emploi des armes fut prohib\u00e9 une deuxi\u00e8me fois, ce qui obligea les habitants \u00e0 mettre au point des m\u00e9thodes de combat particuli\u00e8rement efficaces, en se servant uniquement de leurs poings, de leurs pieds et aussi d&rsquo;instruments aratoires.<\/p>\n\n\n\n<figure class=\"wp-block-image size-large\"><img decoding=\"async\" loading=\"lazy\" width=\"972\" height=\"1024\" src=\"http:\/\/amvkarate.fr\/wp-content\/uploads\/2022\/10\/carte-japon_0-972x1024.jpg\" alt=\"\" class=\"wp-image-96\" srcset=\"http:\/\/amvkarate.fr\/wp-content\/uploads\/2022\/10\/carte-japon_0-972x1024.jpg 972w, http:\/\/amvkarate.fr\/wp-content\/uploads\/2022\/10\/carte-japon_0-285x300.jpg 285w, http:\/\/amvkarate.fr\/wp-content\/uploads\/2022\/10\/carte-japon_0-768x809.jpg 768w, http:\/\/amvkarate.fr\/wp-content\/uploads\/2022\/10\/carte-japon_0.jpg 1284w\" sizes=\"(max-width: 972px) 100vw, 972px\" \/><\/figure>\n\n\n\n<p>Voila pourquoi les applications de certaines techniques de karat\u00e9 sont aujourd&rsquo;hui difficiles \u00e0 expliquer&nbsp;: elles servaient \u00e0 l&rsquo;origine a lutter contre des sabres, des lances, des&nbsp;<em><a href=\"https:\/\/fr.wikipedia.org\/wiki\/Naginata\">naginata<\/a><\/em>\u2026<\/p>\n\n\n\n<p>Un m\u00e9lange de&nbsp;<em><a href=\"https:\/\/fr.wikipedia.org\/wiki\/T%C5%8D-de\">t\u014d-de<\/a><\/em>, des formes locales de combat ou encore import\u00e9es d&rsquo;autres endroits, finit par donner naissance \u00e0 la m\u00e9thode appel\u00e9e Okinawa-te, qui se d\u00e9veloppera suivant trois styles de base&nbsp;:&nbsp;<a href=\"https:\/\/fr.wikipedia.org\/wiki\/Shuri-te\">Shuri-te<\/a>,&nbsp;<a href=\"https:\/\/fr.wikipedia.org\/wiki\/Naha-te\">Naha-te<\/a>&nbsp;et&nbsp;<a href=\"https:\/\/fr.wikipedia.org\/wiki\/Tomari-te\">Tomari-te<\/a>. De l\u00e0 ressortiront les \u00e9coles suivantes&nbsp;: celles de&nbsp;<a href=\"https:\/\/fr.wikipedia.org\/wiki\/Ch%C5%8Djun_Miyagi\">Miyagi Chojun<\/a>, fondateur du&nbsp;<a href=\"https:\/\/fr.wikipedia.org\/wiki\/G%C5%8Dj%C5%AB-ry%C5%AB\">G\u014dj\u016b-ry\u016b<\/a>&nbsp;; de&nbsp;<a href=\"https:\/\/fr.wikipedia.org\/wiki\/Kenwa_Mabuni\">Mabuni Kenwa<\/a>, p\u00e8re du&nbsp;<a href=\"https:\/\/fr.wikipedia.org\/wiki\/Shit%C5%8D-ry%C5%AB\">Shit\u014d-ry\u016b<\/a>&nbsp;; de&nbsp;<a href=\"https:\/\/fr.wikipedia.org\/wiki\/Hironori_%C5%8Ctsuka\">Otsuka Hironori<\/a>, fondateur du&nbsp;<a href=\"https:\/\/fr.wikipedia.org\/wiki\/Wad%C5%8D-ry%C5%AB\">Wad\u014d-ry\u016b<\/a>&nbsp;; de Nagamine Soshin, un des p\u00e8res du style&nbsp;<a href=\"https:\/\/fr.wikipedia.org\/wiki\/Sh%C5%8Drin-ry%C5%AB\">Sh\u014drin-ry\u016b<\/a>&nbsp;et de Funakoshi Gichin, qui cr\u00e9a la Sh\u014dt\u014dkan-ry\u016b. En 1902, le gouvernement d&rsquo;Okinawa introduit l&rsquo;Okinawa-te dans les \u00e9coles secondaires. Itosu Yasutstune devient le premier instructeur. Par la suite, plusieurs ma\u00eetres iront enseigner leur art martial hors de l&rsquo;\u00eele. Funakoshi fut un de ceux-l\u00e0.<\/p>\n\n\n\n<p><strong>Yasutsune Itosu<\/strong><\/p>\n\n\n\n<p>La \u00ab&nbsp;main sacr\u00e9e du Shuri-te&nbsp;\u00bb,&nbsp;<a href=\"https:\/\/fr.wikipedia.org\/wiki\/Ank%C5%8D_Itosu\">Itosu<\/a>&nbsp;est n\u00e9 \u00e0 Shuri en 1830. Fils de fonctionnaire, disciple de Matsumura Sokon d\u00e8s l&rsquo;\u00e2ge de 16 ans, il est devenu un des artistes martiaux les plus respect\u00e9s \u00e0 Okinawa pendant le&nbsp;xix<sup>e<\/sup>&nbsp;si\u00e8cle. Il a \u00e9t\u00e9 le secr\u00e9taire particulier du roi de l&rsquo;archipel des \u00eeles Ry\u016bky\u016b. C&rsquo;est en grande partie gr\u00e2ce \u00e0 lui que nous est parvenue la tradition du Shuri-te, l&rsquo;\u00e9cole de Sokon Matsumura. Une de ses grandes contributions \u00e9tait la croyance ferme de l&rsquo;importance du d\u00e9veloppement de la personnalit\u00e9 de la personne \u00e0 travers l&rsquo;\u00e9tude des&nbsp;<a href=\"https:\/\/fr.wikipedia.org\/wiki\/Kata\">katas<\/a>&nbsp;et du&nbsp;<a href=\"https:\/\/fr.wikipedia.org\/wiki\/Bunkai\"><em>bunkai<\/em><\/a>, l&rsquo;application technique des katas.<\/p>\n\n\n\n<p>En 1901, lorsque le gouvernement d&rsquo;Okinawa introduisit le karat\u00e9 dans les \u00e9coles, Ma\u00eetre Itosu devint la premi\u00e8re personne \u00e0 enseigner le&nbsp;<em>t\u014d-de<\/em>&nbsp;\u00e0 l&rsquo;\u00e9cole primaire Shuri-jinjo. \u00c0 cette \u00e9poque, la conception de l&rsquo;\u00e9ducation physique \u00e9tait militariste, les m\u00e9decins militaires se rendaient compte lors des examens que les pratiquants de cet art martial \u00e9taient plus robustes. Gichin Funakoshi commencera \u00e0 cette \u00e9poque \u00e0 \u00e9tudier le&nbsp;<em>t\u014d-de<\/em>&nbsp;avec&nbsp;<em>sensei<\/em>&nbsp;Itosu. Ce dernier enseignait un&nbsp;<em>t\u014d-de<\/em>&nbsp;de style Sh\u00f4rin, caract\u00e9ris\u00e9 par une grande mobilit\u00e9 et des techniques longues.<\/p>\n\n\n\n<p><strong>Sokon Matsumura<\/strong><\/p>\n\n\n\n<p>Surnomm\u00e9 le \u00ab&nbsp;guerrier&nbsp;\u00bb (<em>bushi<\/em>), Matsumura est n\u00e9 en 1797 dans la ville de Shuri sur l&rsquo;\u00eele d&rsquo;Okinawa. Expert de l\u2019<em>Okinawa-te<\/em>&nbsp;de style Shorin, il a eu comme professeurs d&rsquo;arts martiaux Sakugawa, Kushanku, Iwah et un des ma\u00eetres de l&rsquo;\u00e9cole de kendo, Jigen du clan de Shimazu, de Satsuma, Yashuhiro Iujin. Il a travaill\u00e9 comme officier et garde du corps pour les trois derniers rois des Ry\u016bky\u016b.<a href=\"https:\/\/fr.wikipedia.org\/wiki\/Aide:R%C3%A9f%C3%A9rence_n%C3%A9cessaire\"><sup>[r\u00e9f.&nbsp;n\u00e9cessaire]<\/sup><\/a><\/p>\n\n\n\n<p>Il a habit\u00e9 en Chine autour de l&rsquo;ann\u00e9e 1830. \u00c0 son retour \u00e0 Okinawa, il fonde son \u00e9cole et commence \u00e0 enseigner son style, le Shorin-ry\u016b gosoku-an karate (\u00ab&nbsp;karat\u00e9 Shaolin pour la d\u00e9fense de la patrie&nbsp;\u00bb), une forme chinoise modifi\u00e9e. Parmi ses \u00e9tudiants les plus connus, nous pouvons nommer Kyan, Yabu, Itosu et Azato<sup><a href=\"https:\/\/fr.wikipedia.org\/wiki\/Aide:R%C3%A9f%C3%A9rence_n%C3%A9cessaire\">[r\u00e9f.&nbsp;n\u00e9cessaire]<\/a><\/sup>. De temps en temps, il enseignait aussi \u00e0 Funakoshi. Cependant, sa plus grande influence s&rsquo;est faite par le biais des deux ma\u00eetres Azato et Itosu. Selon Matsumura, si on veut comprendre l&rsquo;essence des arts martiaux, on doit \u00e9tudier intens\u00e9ment. On reconnait ici le pr\u00e9cepte 20 du&nbsp;<em>niju kun<\/em>.<\/p>\n\n\n\n<p><strong>Azato Yasuzato<\/strong><\/p>\n\n\n\n<p>Peu connu, un des meilleurs disciples de Matsumura, Azato est reconnu gr\u00e2ce au fait d&rsquo;avoir enseign\u00e9 \u00e0 Funakoshi. Pourtant, il \u00e9tait consid\u00e9r\u00e9 comme le plus grand expert de karat\u00e9 de son \u00e9poque lorsqu&rsquo;il a commenc\u00e9 \u00e0 enseigner \u00e0 Funakoshi. Ce dernier commence la pratique de l&rsquo;Okinawa-te vers l&rsquo;\u00e2ge de 15 ans avec Azato, qui est le p\u00e8re de son ma\u00eetre d&rsquo;\u00e9cole. \u00c0 l&rsquo;\u00e9poque, l&rsquo;art martial d&rsquo;Okinawa n&rsquo;\u00e9tait pas enseign\u00e9 au grand public. Les cours avaient lieu la nuit clandestinement, loin des regards indiscrets. Son apprentissage se d\u00e9roula d&rsquo;une fa\u00e7on traditionnelle pour l&rsquo;\u00e9poque.<\/p>\n\n\n\n<p>Il s&rsquo;agissait alors de pratiquer un seul exercice et de passer au suivant uniquement lorsque le Ma\u00eetre estimait que le karat\u00e9ka \u00e9tait capable de la r\u00e9aliser parfaitement. L&rsquo;apprentissage d&rsquo;un kata pouvait ainsi durer plusieurs ann\u00e9es. Un kata en trois ans \u00e9tait une expression coutumi\u00e8re dans les anciens&nbsp;<em>budo<\/em>. Adepte de l&rsquo;art du sabre de l&rsquo;\u00e9cole Jigen, c&rsquo;est de lui que nous vient un des pr\u00e9ceptes du&nbsp;<em>niju kun<\/em>&nbsp;: \u00ab&nbsp;Consid\u00e9rez les bras et jambes des gens comme des \u00e9p\u00e9es.&nbsp;\u00bb<\/p>\n\n\n\n<p><strong>Gichin Funakoshi&nbsp;: cr\u00e9ateur du Sh\u014dt\u014dkan<\/strong><\/p>\n\n\n\n<figure class=\"wp-block-image size-large is-resized\"><img decoding=\"async\" loading=\"lazy\" src=\"http:\/\/amvkarate.fr\/wp-content\/uploads\/2022\/10\/Image1-1-665x1024.jpg\" alt=\"\" class=\"wp-image-92\" width=\"324\" height=\"499\" srcset=\"http:\/\/amvkarate.fr\/wp-content\/uploads\/2022\/10\/Image1-1-665x1024.jpg 665w, http:\/\/amvkarate.fr\/wp-content\/uploads\/2022\/10\/Image1-1-195x300.jpg 195w, http:\/\/amvkarate.fr\/wp-content\/uploads\/2022\/10\/Image1-1.jpg 688w\" sizes=\"(max-width: 324px) 100vw, 324px\" \/><\/figure>\n\n\n\n<p><a href=\"https:\/\/fr.wikipedia.org\/wiki\/Gichin_Funakoshi\">Gichin Funakoshi<\/a>.<\/p>\n\n\n\n<p>Shomen Gichin Funakoshi est consid\u00e9r\u00e9 comme le p\u00e8re du karat\u00e9 moderne. Il est l&rsquo;importateur du&nbsp;<em>karate-d\u014d<\/em>&nbsp;au Japon et cr\u00e9ateur du style Sh\u014dt\u014dkan, il a fait \u00e9voluer la forme initiale du karat\u00e9 d&rsquo;Okinawa.<\/p>\n\n\n\n<p>N\u00e9 en 1868, Funakoshi v\u00e9cut dans le district de Yamakawa-Ch\u00f4 sur l&rsquo;\u00eele d&rsquo;Okinawa. L&rsquo;\u00e8re Meiji d\u00e9butait, l&rsquo;homme \u00e9tait alors tr\u00e8s cultiv\u00e9 et de surcro\u00eet po\u00e8te. Sensible au code moral de ses anc\u00eatres, il observait rigoureusement les interdits d&rsquo;autrefois, et consid\u00e9rait au vu de ces principes que le samoura\u00ef se doit en toute occasion de renvoyer une image impeccable.<\/p>\n\n\n\n<p>\u00c0 l\u2019origine, Funakoshi pratiquait les deux \u00e9coles qui dominaient (<a href=\"https:\/\/fr.wikipedia.org\/wiki\/Shorei-ry%C5%AB\">Shorei-ry\u016b<\/a>&nbsp;et&nbsp;<a href=\"https:\/\/fr.wikipedia.org\/wiki\/Shorin-ry%C5%AB\">Shorin-ry\u016b<\/a>). Apr\u00e8s une dure pratique de ces deux formes de karat\u00e9, Funakoshi parvint \u00e0 d\u00e9velopper une nouvelle forme de karat\u00e9, un mod\u00e8le plus simple, combinant les id\u00e9aux de&nbsp;<a href=\"https:\/\/fr.wikipedia.org\/wiki\/Shorei-ry%C5%AB\">Shorei-ry\u016b<\/a>&nbsp;et de&nbsp;<a href=\"https:\/\/fr.wikipedia.org\/wiki\/Shorin-ry%C5%AB\">Shorin-ry\u016b<\/a>. Le karat\u00e9 qu\u2019il enseigna \u00e0 ses \u00e9tudiants refl\u00e9tait les changements op\u00e9r\u00e9s par Anko Itosu, y compris la s\u00e9rie de katas de&nbsp;<a href=\"https:\/\/fr.wikipedia.org\/wiki\/Heian_(karat%C3%A9)\"><em>heian<\/em><\/a>\/<em><a href=\"https:\/\/fr.wikipedia.org\/wiki\/Pinan\">pinan<\/a><\/em>. Funakoshi changea \u00e9galement les noms des katas de son programme d\u2019\u00e9tude, dans un effort de rendre les noms \u00ab&nbsp;\u00e9trangers&nbsp;\u00bb d\u2019Okinawa plus agr\u00e9ables aux oreilles des Japonais.<\/p>\n\n\n\n<p>Le ma\u00eetre Gichin Funakoshi, en tant que pr\u00e9sident de la Okinawa Shobukai, une association de karat\u00e9, fut convi\u00e9 en&nbsp;mai 1922&nbsp;par le minist\u00e8re de l&rsquo;\u00c9ducation \u00e0 prendre part \u00e0 une d\u00e9monstration, agr\u00e9\u00e9e par le gouvernement nippon, organis\u00e9e \u00e0 Tokyo. Cette d\u00e9monstration mettait en sc\u00e8ne les arts martiaux traditionnels du pays, parmi lesquels le karat\u00e9. C&rsquo;est ainsi qu&rsquo;il fut le premier h\u00e9raut du karat\u00e9-jutsu, discipline originale en provenance d&rsquo;Okinawa (de l&rsquo;archipel des Ry\u016bky\u016b). Il devait alors, pour satisfaire les requ\u00eates de nombreux individus, s&rsquo;installer dans la capitale et y travailler \u00e0 vulgariser son art martial. Le karat\u00e9 Sh\u014dt\u014dkan fut officiellement reconnu en 1939.<\/p>\n\n\n\n<p>Avant de s&rsquo;\u00e9teindre en 1957, Gichin Funakoshi forma de nombreux \u00e9l\u00e8ves&nbsp;: Obata, Okuyama, Egami, Harada, Hironishi, Takagi,&nbsp;<a href=\"https:\/\/fr.wikipedia.org\/wiki\/Tsutomu_%C5%8Cshima\">Ohshima<\/a>, Nakayama, Nishiyama,&nbsp;<a href=\"https:\/\/fr.wikipedia.org\/wiki\/Hirokazu_Kanazawa\">Kanazawa Hirokazu<\/a>,&nbsp;<a href=\"https:\/\/fr.wikipedia.org\/wiki\/Taiji_Kase\">Taiji Kase<\/a>.<\/p>\n\n\n\n<p><strong>\u00c9volution du Sh\u014dt\u014dkan<\/strong><\/p>\n\n\n\n<p>\u00c0 la suite de Gichin Funakoshi, certains de ses \u00e9l\u00e8ves d\u00e9velopp\u00e8rent, \u00e0 leur tour, \u00e9galement, leurs propres styles de karat\u00e9. Il existe donc des sous-variantes du style Sh\u014dt\u014dkan. En voici quelques-unes&nbsp;:<\/p>\n\n\n\n<ul>\n<li>Ma\u00eetre&nbsp;<a href=\"https:\/\/fr.wikipedia.org\/wiki\/Tsutomu_%C5%8Cshima\">Ohshima<\/a>&nbsp;a d\u00e9velopp\u00e9 le Sh\u014dt\u014dkan Ohshima, orient\u00e9 sur le style Gishin Funakoshi<a href=\"https:\/\/fr.wikipedia.org\/wiki\/Sh%C5%8Dt%C5%8Dkan-ry%C5%AB#cite_note-1\"><sup>1<\/sup><\/a>&nbsp;(la famille Funakoshi avait confi\u00e9 \u00e0 Ohshima la traduction du&nbsp;2<sup>e<\/sup>&nbsp;livre du ma\u00eetre,&nbsp;<em>Karate-d\u014d kyohan<\/em>). Ce style est repr\u00e9sent\u00e9 en France depuis 1964 par l\u2019organisation France Shotokan.<\/li>\n\n\n\n<li>Maitre&nbsp;<a href=\"https:\/\/fr.wikipedia.org\/wiki\/Taiji_Kase\">Taiji Kase<\/a>&nbsp;(1929-2004) a d\u00e9velopp\u00e9 le Sh\u014dt\u014dkan ry\u016b Kase ha, orient\u00e9 sur le style Yoshitaka Funakoshi (le fils de Gichin Funakoshi) et sur sa morphologie br\u00e9viligne<a href=\"https:\/\/fr.wikipedia.org\/wiki\/Sh%C5%8Dt%C5%8Dkan-ry%C5%AB#cite_note-2\"><sup>2<\/sup><\/a>. Il est repr\u00e9sent\u00e9 en France entre autres par l\u2019organisation IEKS (Institut d&rsquo;enseignement du karat\u00e9-do Shotokan Ryu Kase Ha).<\/li>\n\n\n\n<li>Ma\u00eetre Masatoshi&nbsp;<a href=\"https:\/\/fr.wikipedia.org\/wiki\/Nakayama\">Nakayama<\/a>&nbsp;: cr\u00e9ateur de la Japan Karate Association (JKA).<\/li>\n\n\n\n<li>Ma\u00eetre&nbsp;<a href=\"https:\/\/fr.wikipedia.org\/wiki\/Hidetaka_Nishiyama\">Nishiyama<\/a>&nbsp;a d\u00e9velopp\u00e9 le Sh\u014dt\u014dkan ry\u016b Nishiyama, avec une orientation militaire<a href=\"https:\/\/fr.wikipedia.org\/wiki\/Sh%C5%8Dt%C5%8Dkan-ry%C5%AB#cite_note-3\"><sup>3<\/sup><\/a>.<\/li>\n\n\n\n<li>Ma\u00eetre&nbsp;<a href=\"https:\/\/fr.wikipedia.org\/wiki\/Kanazawa\">Kanazawa<\/a>&nbsp;a d\u00e9velopp\u00e9 le Sh\u014dt\u014dkan ry\u016b Kanazawa, avec une orientation vers le&nbsp;<a href=\"https:\/\/fr.wikipedia.org\/wiki\/Tai-chi-chuan\">tai-chi-chuan<\/a><a href=\"https:\/\/fr.wikipedia.org\/wiki\/Sh%C5%8Dt%C5%8Dkan-ry%C5%AB#cite_note-4\"><sup>4<\/sup><\/a>.<\/li>\n<\/ul>\n\n\n\n<p><br><\/p>\n","protected":false},"excerpt":{"rendered":"<p>Naissance du karate shotokan Sh\u014dt\u014dkan-ry\u016b&nbsp;(\u677e\u6fe4\u9928\u6d41,&nbsp;Sh\u014dt\u014dkan-ry\u016b?)&nbsp;est un style d&rsquo;art martial japonais, qui fait partie du karat\u00e9-do. Il est issu de l\u2019\u00e9cole&nbsp;Shorin&nbsp;ou&nbsp;Sh\u014drin-ry\u016b&nbsp;de ma\u00eetre&nbsp;Matsumura&nbsp;(1809-1896), qui a donn\u00e9 naissance, gr\u00e2ce \u00e0 ses \u00e9l\u00e8ves, \u00e0 <a class=\"more-link\" href=\"http:\/\/amvkarate.fr\/?page_id=85\">Continue Reading &rarr;<\/a><\/p>\n","protected":false},"author":1,"featured_media":0,"parent":0,"menu_order":1,"comment_status":"closed","ping_status":"closed","template":"","meta":{"om_disable_all_campaigns":false,"_monsterinsights_skip_tracking":false,"_monsterinsights_sitenote_active":false,"_monsterinsights_sitenote_note":"","_monsterinsights_sitenote_category":0},"aioseo_notices":[],"_links":{"self":[{"href":"http:\/\/amvkarate.fr\/index.php?rest_route=\/wp\/v2\/pages\/85"}],"collection":[{"href":"http:\/\/amvkarate.fr\/index.php?rest_route=\/wp\/v2\/pages"}],"about":[{"href":"http:\/\/amvkarate.fr\/index.php?rest_route=\/wp\/v2\/types\/page"}],"author":[{"embeddable":true,"href":"http:\/\/amvkarate.fr\/index.php?rest_route=\/wp\/v2\/users\/1"}],"replies":[{"embeddable":true,"href":"http:\/\/amvkarate.fr\/index.php?rest_route=%2Fwp%2Fv2%2Fcomments&post=85"}],"version-history":[{"count":7,"href":"http:\/\/amvkarate.fr\/index.php?rest_route=\/wp\/v2\/pages\/85\/revisions"}],"predecessor-version":[{"id":121,"href":"http:\/\/amvkarate.fr\/index.php?rest_route=\/wp\/v2\/pages\/85\/revisions\/121"}],"wp:attachment":[{"href":"http:\/\/amvkarate.fr\/index.php?rest_route=%2Fwp%2Fv2%2Fmedia&parent=85"}],"curies":[{"name":"wp","href":"https:\/\/api.w.org\/{rel}","templated":true}]}}