{"id":25,"date":"2022-09-14T18:45:03","date_gmt":"2022-09-14T18:45:03","guid":{"rendered":"http:\/\/amvkarate.fr\/?page_id=25"},"modified":"2025-12-05T18:24:47","modified_gmt":"2025-12-05T18:24:47","slug":"contact","status":"publish","type":"page","link":"http:\/\/amvkarate.fr\/?page_id=25","title":{"rendered":"CONTACT"},"content":{"rendered":"\n<p><strong>CLUB<\/strong>: DOJO ATTANE, 145 route de LEOGNAN, Complexe de la piscine &#8211; 33140 &#8211; VILLENAVE d&rsquo;ORNON &#8211;<\/p>\n\n\n\n<p><strong>Pierre NOAILLES<\/strong> ( R\u00e9f\u00e9rent Technique Professeur ) : 06.75.15.37.71<\/p>\n\n\n\n<p><strong>Gr\u00e9gory LEBRIZE<\/strong>  ( Secr\u00e9taire G\u00e9n\u00e9ral )  06.64.38.27.47<\/p>\n\n\n\n<p><strong>St\u00e9phane  GUILLAUD<\/strong> ( Pr\u00e9sident )  :  06.52.84.61.62<\/p>\n\n\n\n<p><strong>Mail<\/strong>: amvkarate@orange.fr<\/p>\n\n\n\n<p><\/p>\n","protected":false},"excerpt":{"rendered":"<p>CLUB: DOJO ATTANE, 145 route de LEOGNAN, Complexe de la piscine &#8211; 33140 &#8211; VILLENAVE d&rsquo;ORNON &#8211; Pierre NOAILLES ( R\u00e9f\u00e9rent Technique Professeur ) : 06.75.15.37.71 Gr\u00e9gory LEBRIZE ( Secr\u00e9taire <a class=\"more-link\" href=\"http:\/\/amvkarate.fr\/?page_id=25\">Continue Reading &rarr;<\/a><\/p>\n","protected":false},"author":1,"featured_media":0,"parent":0,"menu_order":4,"comment_status":"closed","ping_status":"closed","template":"","meta":{"om_disable_all_campaigns":false,"_monsterinsights_skip_tracking":false,"_monsterinsights_sitenote_active":false,"_monsterinsights_sitenote_note":"","_monsterinsights_sitenote_category":0},"aioseo_notices":[],"_links":{"self":[{"href":"http:\/\/amvkarate.fr\/index.php?rest_route=\/wp\/v2\/pages\/25"}],"collection":[{"href":"http:\/\/amvkarate.fr\/index.php?rest_route=\/wp\/v2\/pages"}],"about":[{"href":"http:\/\/amvkarate.fr\/index.php?rest_route=\/wp\/v2\/types\/page"}],"author":[{"embeddable":true,"href":"http:\/\/amvkarate.fr\/index.php?rest_route=\/wp\/v2\/users\/1"}],"replies":[{"embeddable":true,"href":"http:\/\/amvkarate.fr\/index.php?rest_route=%2Fwp%2Fv2%2Fcomments&post=25"}],"version-history":[{"count":8,"href":"http:\/\/amvkarate.fr\/index.php?rest_route=\/wp\/v2\/pages\/25\/revisions"}],"predecessor-version":[{"id":254,"href":"http:\/\/amvkarate.fr\/index.php?rest_route=\/wp\/v2\/pages\/25\/revisions\/254"}],"wp:attachment":[{"href":"http:\/\/amvkarate.fr\/index.php?rest_route=%2Fwp%2Fv2%2Fmedia&parent=25"}],"curies":[{"name":"wp","href":"https:\/\/api.w.org\/{rel}","templated":true}]}}